{"id":3633,"date":"2024-10-07T13:27:06","date_gmt":"2024-10-07T18:27:06","guid":{"rendered":"https:\/\/fieldscience.cs.earlham.edu\/?page_id=3633"},"modified":"2024-10-07T14:23:37","modified_gmt":"2024-10-07T19:23:37","slug":"projects","status":"publish","type":"page","link":"https:\/\/fieldscience.cs.earlham.edu\/index.php\/projects\/","title":{"rendered":"Projects"},"content":{"rendered":"\t\t<div data-elementor-type=\"wp-page\" data-elementor-id=\"3633\" class=\"elementor elementor-3633\">\n\t\t\t\t\t\t<section class=\"elementor-section elementor-top-section elementor-element elementor-element-6a0e305f elementor-section-boxed elementor-section-height-default elementor-section-height-default\" data-id=\"6a0e305f\" data-element_type=\"section\" data-e-type=\"section\">\n\t\t\t\t\t\t<div class=\"elementor-container elementor-column-gap-default\">\n\t\t\t\t\t<div class=\"elementor-column elementor-col-100 elementor-top-column elementor-element elementor-element-259c39d2\" data-id=\"259c39d2\" data-element_type=\"column\" data-e-type=\"column\">\n\t\t\t<div class=\"elementor-widget-wrap elementor-element-populated\">\n\t\t\t\t\t\t<div class=\"elementor-element elementor-element-4e8f0aee elementor-widget elementor-widget-text-editor\" data-id=\"4e8f0aee\" data-element_type=\"widget\" data-e-type=\"widget\" data-widget_type=\"text-editor.default\">\n\t\t\t\t<div class=\"elementor-widget-container\">\n\t\t\t\t\t\t\t\t\t<p><\/p>\n<div class=\"wp-block-columns\">\n<div class=\"wp-block-column\">\n<p><\/p>\n<p><\/p>\n<h3 class=\"wp-block-heading\">Our Current Projects<\/h3>\n<p><\/p>\n<p><\/p>\n<div class=\"wp-block-columns is-layout-flex wp-container-core-columns-is-layout-9d6595d7 wp-block-columns-is-layout-flex\">\n<p><\/p>\n<div class=\"wp-block-column is-layout-flow wp-block-column-is-layout-flow\">\n<p><\/p>\n<p class=\"has-medium-font-size\"><strong>Environmental DNA<\/strong><\/p>\n<p><\/p>\n<p><\/p>\n<p>Environmental DNA, or eDNA, is an emerging field in environmental sciences. It is being used to monitor species presence\/absence, species abundance, and species changes by collecting samples of soil, water, and even air. Multiple samples must be collected in a sterile manner. The DNA is then extracted from the samples and sequenced. Most studies look at a particular genetic region of the ribosomal RNA, the 16S for microbes or the 18S for eukaryotes. Then, bioinformatic analysis helps determine which species are present in the sample.\u00a0<\/p>\n<p><\/p>\n<p><\/p>\n<p>eDNA analysis can tell us a lot about how the microbes and plants in Iceland are responding to climate change. It can also tell us how creatures that live in the fjord are responding to anthropomorphic use (a massive fishing fleet, increase in cruise ship traffic, possible salmon fish farm).\u00a0<\/p>\n<p><\/p>\n<p><\/p>\n<p><strong>Our ongoing eDNA projects in Iceland include:<\/strong><\/p>\n<p><\/p>\n<p><\/p>\n<ul class=\"wp-block-list\">\n<li>soils taken in a chronosequence at the forefield of the S\u00f3lheimaj\u00f6kull glacier<\/li>\n<li>soils taken from a variety of microclimates and microhabitats at Sk\u00e1lanes (in collaboration with colleagues from John Moores University in Liverpool and Dr. \u00d3li P\u00e9tursson of Sk\u00e1lanes)<\/li>\n<li>Water samples from the Sey\u00f0isfj\u00f6r\u00f0iur fjord (in collaboration with Dr. Emma Cross at Southern Connecticut State University and Dr. \u00d3li P\u00e9tursson of Sk\u00e1lanes)<\/li>\n<\/ul>\n<p><\/p>\n<\/div>\n<p><\/p>\n<p><\/p>\n<div class=\"wp-block-column is-layout-flow wp-block-column-is-layout-flow\">\n<p><\/p>\n<figure class=\"wp-block-image size-large\"><a href=\"https:\/\/fieldscience.cs.earlham.edu\/wp-content\/uploads\/Screenshot-2023-10-10-at-10.21.49-AM.png\"><img fetchpriority=\"high\" decoding=\"async\" width=\"896\" height=\"736\" class=\"wp-image-3371\" src=\"https:\/\/fieldscience.cs.earlham.edu\/wp-content\/uploads\/Screenshot-2023-10-10-at-10.21.49-AM.png\" alt=\"\" srcset=\"https:\/\/fieldscience.cs.earlham.edu\/wp-content\/uploads\/Screenshot-2023-10-10-at-10.21.49-AM.png 896w, https:\/\/fieldscience.cs.earlham.edu\/wp-content\/uploads\/Screenshot-2023-10-10-at-10.21.49-AM-300x246.png 300w, https:\/\/fieldscience.cs.earlham.edu\/wp-content\/uploads\/Screenshot-2023-10-10-at-10.21.49-AM-768x631.png 768w\" sizes=\"(max-width: 896px) 100vw, 896px\" \/><\/a><a href=\"https:\/\/fieldscience.cs.earlham.edu\/wp-content\/uploads\/IMG_0859-scaled.jpg\"><img decoding=\"async\" class=\"size-medium wp-image-3650 alignleft\" src=\"https:\/\/fieldscience.cs.earlham.edu\/wp-content\/uploads\/IMG_0859-225x300.jpg\" alt=\"\" width=\"225\" height=\"300\" srcset=\"https:\/\/fieldscience.cs.earlham.edu\/wp-content\/uploads\/IMG_0859-225x300.jpg 225w, https:\/\/fieldscience.cs.earlham.edu\/wp-content\/uploads\/IMG_0859-768x1024.jpg 768w, https:\/\/fieldscience.cs.earlham.edu\/wp-content\/uploads\/IMG_0859-1152x1536.jpg 1152w, https:\/\/fieldscience.cs.earlham.edu\/wp-content\/uploads\/IMG_0859-1536x2048.jpg 1536w, https:\/\/fieldscience.cs.earlham.edu\/wp-content\/uploads\/IMG_0859-scaled.jpg 1920w\" sizes=\"(max-width: 225px) 100vw, 225px\" \/><\/a><\/figure>\n<figure class=\"wp-block-image size-large\"><a href=\"https:\/\/fieldscience.cs.earlham.edu\/wp-content\/uploads\/IMG_9491-1-scaled.jpeg\"><img decoding=\"async\" class=\"wp-image-3652 alignnone\" src=\"https:\/\/fieldscience.cs.earlham.edu\/wp-content\/uploads\/IMG_9491-1-300x225.jpeg\" alt=\"\" width=\"286\" height=\"215\" srcset=\"https:\/\/fieldscience.cs.earlham.edu\/wp-content\/uploads\/IMG_9491-1-300x225.jpeg 300w, https:\/\/fieldscience.cs.earlham.edu\/wp-content\/uploads\/IMG_9491-1-1024x768.jpeg 1024w, https:\/\/fieldscience.cs.earlham.edu\/wp-content\/uploads\/IMG_9491-1-768x576.jpeg 768w, https:\/\/fieldscience.cs.earlham.edu\/wp-content\/uploads\/IMG_9491-1-1536x1152.jpeg 1536w\" sizes=\"(max-width: 286px) 100vw, 286px\" \/><\/a><\/figure>\n<p><\/p>\n<\/div>\n<p><\/p>\n<\/div>\n<p><\/p>\n<p><\/p>\n<hr class=\"wp-block-separator\" \/>\n<p><\/p>\n<p><\/p>\n<div class=\"wp-block-columns is-layout-flex wp-container-core-columns-is-layout-9d6595d7 wp-block-columns-is-layout-flex\">\n<p><\/p>\n<div class=\"wp-block-column is-layout-flow wp-block-column-is-layout-flow\">\n<p><\/p>\n<figure class=\"wp-block-image size-large\"><a href=\"https:\/\/fieldscience.cs.earlham.edu\/wp-content\/uploads\/DSC08869-scaled.jpg\"><img loading=\"lazy\" decoding=\"async\" width=\"1024\" height=\"683\" class=\"wp-image-3053 alignleft\" src=\"https:\/\/fieldscience.cs.earlham.edu\/wp-content\/uploads\/DSC08869-1024x683.jpg\" alt=\"\" srcset=\"https:\/\/fieldscience.cs.earlham.edu\/wp-content\/uploads\/DSC08869-1024x683.jpg 1024w, https:\/\/fieldscience.cs.earlham.edu\/wp-content\/uploads\/DSC08869-300x200.jpg 300w, https:\/\/fieldscience.cs.earlham.edu\/wp-content\/uploads\/DSC08869-768x512.jpg 768w, https:\/\/fieldscience.cs.earlham.edu\/wp-content\/uploads\/DSC08869-1536x1024.jpg 1536w\" sizes=\"(max-width: 1024px) 100vw, 1024px\" \/><\/a><\/figure>\n<p><a href=\"https:\/\/fieldscience.cs.earlham.edu\/wp-content\/uploads\/IMG_20240713_114025452-scaled.jpg\"><img loading=\"lazy\" decoding=\"async\" class=\"size-medium wp-image-3656 alignleft\" src=\"https:\/\/fieldscience.cs.earlham.edu\/wp-content\/uploads\/IMG_20240713_114025452-300x225.jpg\" alt=\"\" width=\"300\" height=\"225\" srcset=\"https:\/\/fieldscience.cs.earlham.edu\/wp-content\/uploads\/IMG_20240713_114025452-300x225.jpg 300w, https:\/\/fieldscience.cs.earlham.edu\/wp-content\/uploads\/IMG_20240713_114025452-1024x768.jpg 1024w, https:\/\/fieldscience.cs.earlham.edu\/wp-content\/uploads\/IMG_20240713_114025452-768x576.jpg 768w, https:\/\/fieldscience.cs.earlham.edu\/wp-content\/uploads\/IMG_20240713_114025452-1536x1152.jpg 1536w\" sizes=\"(max-width: 300px) 100vw, 300px\" \/><\/a><\/p>\n<p><\/p>\n<\/div>\n<p><\/p>\n<p><\/p>\n<div class=\"wp-block-column is-layout-flow wp-block-column-is-layout-flow\">\n<p><\/p>\n<p class=\"has-medium-font-size\"><strong>Quadcopter Surveying<\/strong><\/p>\n<p><\/p>\n<p><\/p>\n<p>Quadcopter surveying is a technique that allows us to measure a number of slow and rapid changes to the Icelandic landscape. We fly a grid-like pattern over an area, collecting images at a constant elevation. Software is then used to merge all the images together into a large composite image, and to create a 3d model of the area from the terrain details present in the images. We also collect high-accuracy GPS points, called GCPs (Ground Control Points), which the software can use to create very accurate representations of a large physical area. By flying the same surveys each year, we can measure the differences in such an area as it changes over time.<\/p>\n<p><\/p>\n<p><\/p>\n<p><strong>Some of the ways we use this technology:<\/strong><\/p>\n<p><\/p>\n<p><\/p>\n<ul class=\"wp-block-list\">\n<li>Measure volume loss of the S\u00f3lheimaj\u00f6kull glacier<\/li>\n<li>Monitor Arctic Lupine (an invasive species) spread (in collaboration with Dr. \u00d3li P\u00e9tursson of Sk\u00e1lanes)<\/li>\n<li>Identify and monitor bird nesting habitats in collaboration with Dr. \u00d3li P\u00e9tursson of Sk\u00e1lanes)<\/li>\n<li>Make coastal erosion measurements (in collaboration with Dr. \u00d3li P\u00e9tursson of Sk\u00e1lanes)<\/li>\n<li>Locate archaeological sites (in collaboration with archaeologist Rannveig \u00deorhalls\u00f0\u00f6ttir)<\/li>\n<\/ul>\n<p><\/p>\n<\/div>\n<p><\/p>\n<\/div>\n<p><\/p>\n<\/div>\n<p><!-- \/wp:column --><\/p>\n<\/div>\n<p><!-- \/wp:columns --><\/p>\n<p><!-- wp:separator --><\/p>\n<hr class=\"wp-block-separator\" \/>\n<p><!-- \/wp:separator --><\/p>\n<p><!-- wp:columns --><\/p>\n<div class=\"wp-block-columns\">\n<p><!-- wp:column --><\/p>\n<div class=\"wp-block-column\">\n<p><!-- wp:paragraph {\"fontSize\":\"medium\"} --><\/p>\n<p class=\"has-medium-font-size\"><strong>Ancient DNA and Archaeology<\/strong><\/p>\n<p><!-- \/wp:paragraph --><\/p>\n<p><!-- wp:paragraph --><\/p>\n<p>Ancient DNA (aDNA) is a new technology that is being applied to many types of archaeology sites. In Iceland, we work in collaboration with local archaeologist Rannveig \u00deorhalls\u00f0\u00f6ttir to\u00a0 analyze aDNA from soil samples collected in various archaeological sites in East Iceland. Soil samples are transported to Earlham and aDNA is extracted in an extremely sterile environment inside the Ancient DNA Lab on campus. aDNA is sent for sequencing and analyzed with bioinformatic software suites to determine what DNA fragments are present in the samples.\u00a0<\/p>\n<p><!-- \/wp:paragraph --><\/p>\n<p><!-- wp:paragraph --><\/p>\n<p><strong>Our current aDNA projects include:\u00a0<\/strong><\/p>\n<p><!-- \/wp:paragraph --><\/p>\n<p><!-- wp:list --><\/p>\n<ul>\n<li>Ancient DNA analysis from soils extracted at known archaeological sites at Sk\u00e1lanes and in the town of Sey\u00f0isfj\u00f6r\u00f0ur <a href=\"https:\/\/www.ruv.is\/english\/2023-09-19-the-ruv-english-podcast-the-settlement-of-east-iceland-392022\" target=\"_blank\" rel=\"noreferrer noopener\">(Article)<\/a><\/li>\n<\/ul>\n<p><!-- \/wp:list --><\/p>\n<\/div>\n<p><!-- \/wp:column --><\/p>\n<p><!-- wp:column --><\/p>\n<div class=\"wp-block-column\">\n<p><!-- wp:image {\"id\":3146,\"sizeSlug\":\"large\",\"linkDestination\":\"media\"} --><\/p>\n<figure class=\"wp-block-image size-large\"><a href=\"https:\/\/fieldscience.cs.earlham.edu\/wp-content\/uploads\/DSC09012-scaled.jpg\"><img loading=\"lazy\" decoding=\"async\" width=\"1024\" height=\"683\" class=\"wp-image-3146\" src=\"https:\/\/fieldscience.cs.earlham.edu\/wp-content\/uploads\/DSC09012-1024x683.jpg\" alt=\"\" srcset=\"https:\/\/fieldscience.cs.earlham.edu\/wp-content\/uploads\/DSC09012-1024x683.jpg 1024w, https:\/\/fieldscience.cs.earlham.edu\/wp-content\/uploads\/DSC09012-300x200.jpg 300w, https:\/\/fieldscience.cs.earlham.edu\/wp-content\/uploads\/DSC09012-768x512.jpg 768w, https:\/\/fieldscience.cs.earlham.edu\/wp-content\/uploads\/DSC09012-1536x1024.jpg 1536w\" sizes=\"(max-width: 1024px) 100vw, 1024px\" \/><\/a><\/figure>\n<p>\u00a0<\/p>\n<p><!-- \/wp:image --><\/p>\n<\/div>\n<p><!-- \/wp:column --><\/p>\n<\/div>\n<p><!-- \/wp:columns --><\/p>\n<p><!-- wp:paragraph --><\/p>\n<p><!-- \/wp:paragraph --><\/p>\t\t\t\t\t\t\t\t<\/div>\n\t\t\t\t<\/div>\n\t\t\t\t\t<\/div>\n\t\t<\/div>\n\t\t\t\t\t<\/div>\n\t\t<\/section>\n\t\t\t\t<\/div>\n\t\t","protected":false},"excerpt":{"rendered":"<p>Our Current Projects Environmental DNA Environmental DNA, or eDNA, is an emerging field in environmental sciences. It is being used to monitor species presence\/absence, species abundance, and species changes by collecting samples of soil, water, and even air. Multiple samples &hellip; <a href=\"https:\/\/fieldscience.cs.earlham.edu\/index.php\/projects\/\">Read More<\/a><\/p>\n","protected":false},"author":49,"featured_media":0,"parent":0,"menu_order":0,"comment_status":"closed","ping_status":"closed","template":"","meta":{"_acf_changed":false,"kt_blocks_editor_width":"","footnotes":""},"class_list":["post-3633","page","type-page","status-publish","hentry"],"acf":[],"yoast_head":"<!-- This site is optimized with the Yoast SEO plugin v27.4 - https:\/\/yoast.com\/product\/yoast-seo-wordpress\/ -->\n<title>Projects - fieldscience @ earlham<\/title>\n<meta name=\"robots\" content=\"index, follow, max-snippet:-1, max-image-preview:large, max-video-preview:-1\" \/>\n<link rel=\"canonical\" href=\"https:\/\/fieldscience.cs.earlham.edu\/index.php\/projects\/\" \/>\n<meta property=\"og:locale\" content=\"en_US\" \/>\n<meta property=\"og:type\" content=\"article\" \/>\n<meta property=\"og:title\" content=\"Projects - fieldscience @ earlham\" \/>\n<meta property=\"og:description\" content=\"Our Current Projects Environmental DNA Environmental DNA, or eDNA, is an emerging field in environmental sciences. It is being used to monitor species presence\/absence, species abundance, and species changes by collecting samples of soil, water, and even air. Multiple samples &hellip; Read More\" \/>\n<meta property=\"og:url\" content=\"https:\/\/fieldscience.cs.earlham.edu\/index.php\/projects\/\" \/>\n<meta property=\"og:site_name\" content=\"fieldscience @ earlham\" \/>\n<meta property=\"article:modified_time\" content=\"2024-10-07T19:23:37+00:00\" \/>\n<meta property=\"og:image\" content=\"https:\/\/fieldscience.cs.earlham.edu\/wp-content\/uploads\/Screenshot-2023-10-10-at-10.21.49-AM.png\" \/>\n<meta name=\"twitter:card\" content=\"summary_large_image\" \/>\n<meta name=\"twitter:label1\" content=\"Est. reading time\" \/>\n\t<meta name=\"twitter:data1\" content=\"4 minutes\" \/>\n<script type=\"application\/ld+json\" class=\"yoast-schema-graph\">{\"@context\":\"https:\\\/\\\/schema.org\",\"@graph\":[{\"@type\":\"WebPage\",\"@id\":\"https:\\\/\\\/fieldscience.cs.earlham.edu\\\/index.php\\\/projects\\\/\",\"url\":\"https:\\\/\\\/fieldscience.cs.earlham.edu\\\/index.php\\\/projects\\\/\",\"name\":\"Projects - fieldscience @ earlham\",\"isPartOf\":{\"@id\":\"https:\\\/\\\/fieldscience.cs.earlham.edu\\\/#website\"},\"primaryImageOfPage\":{\"@id\":\"https:\\\/\\\/fieldscience.cs.earlham.edu\\\/index.php\\\/projects\\\/#primaryimage\"},\"image\":{\"@id\":\"https:\\\/\\\/fieldscience.cs.earlham.edu\\\/index.php\\\/projects\\\/#primaryimage\"},\"thumbnailUrl\":\"https:\\\/\\\/fieldscience.cs.earlham.edu\\\/wp-content\\\/uploads\\\/Screenshot-2023-10-10-at-10.21.49-AM.png\",\"datePublished\":\"2024-10-07T18:27:06+00:00\",\"dateModified\":\"2024-10-07T19:23:37+00:00\",\"breadcrumb\":{\"@id\":\"https:\\\/\\\/fieldscience.cs.earlham.edu\\\/index.php\\\/projects\\\/#breadcrumb\"},\"inLanguage\":\"en-US\",\"potentialAction\":[{\"@type\":\"ReadAction\",\"target\":[\"https:\\\/\\\/fieldscience.cs.earlham.edu\\\/index.php\\\/projects\\\/\"]}]},{\"@type\":\"ImageObject\",\"inLanguage\":\"en-US\",\"@id\":\"https:\\\/\\\/fieldscience.cs.earlham.edu\\\/index.php\\\/projects\\\/#primaryimage\",\"url\":\"https:\\\/\\\/fieldscience.cs.earlham.edu\\\/wp-content\\\/uploads\\\/Screenshot-2023-10-10-at-10.21.49-AM.png\",\"contentUrl\":\"https:\\\/\\\/fieldscience.cs.earlham.edu\\\/wp-content\\\/uploads\\\/Screenshot-2023-10-10-at-10.21.49-AM.png\",\"width\":896,\"height\":736},{\"@type\":\"BreadcrumbList\",\"@id\":\"https:\\\/\\\/fieldscience.cs.earlham.edu\\\/index.php\\\/projects\\\/#breadcrumb\",\"itemListElement\":[{\"@type\":\"ListItem\",\"position\":1,\"name\":\"Home\",\"item\":\"https:\\\/\\\/fieldscience.cs.earlham.edu\\\/\"},{\"@type\":\"ListItem\",\"position\":2,\"name\":\"Projects\"}]},{\"@type\":\"WebSite\",\"@id\":\"https:\\\/\\\/fieldscience.cs.earlham.edu\\\/#website\",\"url\":\"https:\\\/\\\/fieldscience.cs.earlham.edu\\\/\",\"name\":\"fieldscience @ earlham\",\"description\":\"\",\"potentialAction\":[{\"@type\":\"SearchAction\",\"target\":{\"@type\":\"EntryPoint\",\"urlTemplate\":\"https:\\\/\\\/fieldscience.cs.earlham.edu\\\/?s={search_term_string}\"},\"query-input\":{\"@type\":\"PropertyValueSpecification\",\"valueRequired\":true,\"valueName\":\"search_term_string\"}}],\"inLanguage\":\"en-US\"}]}<\/script>\n<!-- \/ Yoast SEO plugin. -->","yoast_head_json":{"title":"Projects - fieldscience @ earlham","robots":{"index":"index","follow":"follow","max-snippet":"max-snippet:-1","max-image-preview":"max-image-preview:large","max-video-preview":"max-video-preview:-1"},"canonical":"https:\/\/fieldscience.cs.earlham.edu\/index.php\/projects\/","og_locale":"en_US","og_type":"article","og_title":"Projects - fieldscience @ earlham","og_description":"Our Current Projects Environmental DNA Environmental DNA, or eDNA, is an emerging field in environmental sciences. It is being used to monitor species presence\/absence, species abundance, and species changes by collecting samples of soil, water, and even air. Multiple samples &hellip; Read More","og_url":"https:\/\/fieldscience.cs.earlham.edu\/index.php\/projects\/","og_site_name":"fieldscience @ earlham","article_modified_time":"2024-10-07T19:23:37+00:00","og_image":[{"url":"https:\/\/fieldscience.cs.earlham.edu\/wp-content\/uploads\/Screenshot-2023-10-10-at-10.21.49-AM.png","type":"","width":"","height":""}],"twitter_card":"summary_large_image","twitter_misc":{"Est. reading time":"4 minutes"},"schema":{"@context":"https:\/\/schema.org","@graph":[{"@type":"WebPage","@id":"https:\/\/fieldscience.cs.earlham.edu\/index.php\/projects\/","url":"https:\/\/fieldscience.cs.earlham.edu\/index.php\/projects\/","name":"Projects - fieldscience @ earlham","isPartOf":{"@id":"https:\/\/fieldscience.cs.earlham.edu\/#website"},"primaryImageOfPage":{"@id":"https:\/\/fieldscience.cs.earlham.edu\/index.php\/projects\/#primaryimage"},"image":{"@id":"https:\/\/fieldscience.cs.earlham.edu\/index.php\/projects\/#primaryimage"},"thumbnailUrl":"https:\/\/fieldscience.cs.earlham.edu\/wp-content\/uploads\/Screenshot-2023-10-10-at-10.21.49-AM.png","datePublished":"2024-10-07T18:27:06+00:00","dateModified":"2024-10-07T19:23:37+00:00","breadcrumb":{"@id":"https:\/\/fieldscience.cs.earlham.edu\/index.php\/projects\/#breadcrumb"},"inLanguage":"en-US","potentialAction":[{"@type":"ReadAction","target":["https:\/\/fieldscience.cs.earlham.edu\/index.php\/projects\/"]}]},{"@type":"ImageObject","inLanguage":"en-US","@id":"https:\/\/fieldscience.cs.earlham.edu\/index.php\/projects\/#primaryimage","url":"https:\/\/fieldscience.cs.earlham.edu\/wp-content\/uploads\/Screenshot-2023-10-10-at-10.21.49-AM.png","contentUrl":"https:\/\/fieldscience.cs.earlham.edu\/wp-content\/uploads\/Screenshot-2023-10-10-at-10.21.49-AM.png","width":896,"height":736},{"@type":"BreadcrumbList","@id":"https:\/\/fieldscience.cs.earlham.edu\/index.php\/projects\/#breadcrumb","itemListElement":[{"@type":"ListItem","position":1,"name":"Home","item":"https:\/\/fieldscience.cs.earlham.edu\/"},{"@type":"ListItem","position":2,"name":"Projects"}]},{"@type":"WebSite","@id":"https:\/\/fieldscience.cs.earlham.edu\/#website","url":"https:\/\/fieldscience.cs.earlham.edu\/","name":"fieldscience @ earlham","description":"","potentialAction":[{"@type":"SearchAction","target":{"@type":"EntryPoint","urlTemplate":"https:\/\/fieldscience.cs.earlham.edu\/?s={search_term_string}"},"query-input":{"@type":"PropertyValueSpecification","valueRequired":true,"valueName":"search_term_string"}}],"inLanguage":"en-US"}]}},"_links":{"self":[{"href":"https:\/\/fieldscience.cs.earlham.edu\/index.php\/wp-json\/wp\/v2\/pages\/3633","targetHints":{"allow":["GET"]}}],"collection":[{"href":"https:\/\/fieldscience.cs.earlham.edu\/index.php\/wp-json\/wp\/v2\/pages"}],"about":[{"href":"https:\/\/fieldscience.cs.earlham.edu\/index.php\/wp-json\/wp\/v2\/types\/page"}],"author":[{"embeddable":true,"href":"https:\/\/fieldscience.cs.earlham.edu\/index.php\/wp-json\/wp\/v2\/users\/49"}],"replies":[{"embeddable":true,"href":"https:\/\/fieldscience.cs.earlham.edu\/index.php\/wp-json\/wp\/v2\/comments?post=3633"}],"version-history":[{"count":10,"href":"https:\/\/fieldscience.cs.earlham.edu\/index.php\/wp-json\/wp\/v2\/pages\/3633\/revisions"}],"predecessor-version":[{"id":3659,"href":"https:\/\/fieldscience.cs.earlham.edu\/index.php\/wp-json\/wp\/v2\/pages\/3633\/revisions\/3659"}],"wp:attachment":[{"href":"https:\/\/fieldscience.cs.earlham.edu\/index.php\/wp-json\/wp\/v2\/media?parent=3633"}],"curies":[{"name":"wp","href":"https:\/\/api.w.org\/{rel}","templated":true}]}}